{"id":363,"date":"2025-11-13T16:36:07","date_gmt":"2025-11-13T15:36:07","guid":{"rendered":"https:\/\/dunseultrait.fr\/?page_id=363"},"modified":"2025-11-13T16:45:49","modified_gmt":"2025-11-13T15:45:49","slug":"copyright","status":"publish","type":"page","link":"https:\/\/dunseultrait.fr\/index.php\/copyright\/","title":{"rendered":"COPYRIGHT"},"content":{"rendered":"\t\t<div data-elementor-type=\"wp-page\" data-elementor-id=\"363\" class=\"elementor elementor-363\">\n\t\t\t\t<div class=\"elementor-element elementor-element-d6ec33f e-flex e-con-boxed e-con e-parent\" data-id=\"d6ec33f\" data-element_type=\"container\">\n\t\t\t\t\t<div class=\"e-con-inner\">\n\t\t\t\t<div class=\"elementor-element elementor-element-28b354f elementor-widget elementor-widget-heading\" data-id=\"28b354f\" data-element_type=\"widget\" data-widget_type=\"heading.default\">\n\t\t\t\t<div class=\"elementor-widget-container\">\n\t\t\t\t\t<h2 class=\"elementor-heading-title elementor-size-default\">PROTECTION DE NOS CR\u00c9ATIONS\n<\/h2>\t\t\t\t<\/div>\n\t\t\t\t<\/div>\n\t\t\t\t<div class=\"elementor-element elementor-element-68c39f9 elementor-widget elementor-widget-text-editor\" data-id=\"68c39f9\" data-element_type=\"widget\" data-widget_type=\"text-editor.default\">\n\t\t\t\t<div class=\"elementor-widget-container\">\n\t\t\t\t\t\t\t\t\t<p><b>Protection intellectuelle et industrielle<\/b><\/p><p>Tous nos produits sont prot\u00e9g\u00e9s par les droits de propri\u00e9t\u00e9 intellectuelle et industrielle.<br \/>Leur design, leur nom et leurs caract\u00e9ristiques techniques font l\u2019objet de protections l\u00e9gales (droit d\u2019auteur, dessin et mod\u00e8le, marque ou brevet).<\/p><p>Cette d\u00e9marche garantit l\u2019<b>originalit\u00e9<\/b>, la <b>qualit\u00e9<\/b> et la <b>s\u00e9curit\u00e9 juridique<\/b> de nos cr\u00e9ations, tout en pr\u00e9venant toute reproduction ou imitation non autoris\u00e9e.<br \/>Elle t\u00e9moigne de notre engagement \u00e0 valoriser l\u2019innovation et \u00e0 offrir \u00e0 nos clients des produits authentiques et exclusifs.<\/p>\t\t\t\t\t\t\t\t<\/div>\n\t\t\t\t<\/div>\n\t\t\t\t\t<\/div>\n\t\t\t\t<\/div>\n\t\t\t\t<\/div>\n\t\t","protected":false},"excerpt":{"rendered":"<p>PROTECTION DE NOS CR\u00c9ATIONS Protection intellectuelle et industrielle Tous nos produits sont prot\u00e9g\u00e9s par les droits de propri\u00e9t\u00e9 intellectuelle et industrielle.Leur design, leur nom et leurs caract\u00e9ristiques techniques font l\u2019objet &#8230;<\/p>\n","protected":false},"author":1,"featured_media":0,"parent":0,"menu_order":0,"comment_status":"closed","ping_status":"closed","template":"","meta":{"footnotes":""},"class_list":["post-363","page","type-page","status-publish","hentry"],"_links":{"self":[{"href":"https:\/\/dunseultrait.fr\/index.php\/wp-json\/wp\/v2\/pages\/363","targetHints":{"allow":["GET"]}}],"collection":[{"href":"https:\/\/dunseultrait.fr\/index.php\/wp-json\/wp\/v2\/pages"}],"about":[{"href":"https:\/\/dunseultrait.fr\/index.php\/wp-json\/wp\/v2\/types\/page"}],"author":[{"embeddable":true,"href":"https:\/\/dunseultrait.fr\/index.php\/wp-json\/wp\/v2\/users\/1"}],"replies":[{"embeddable":true,"href":"https:\/\/dunseultrait.fr\/index.php\/wp-json\/wp\/v2\/comments?post=363"}],"version-history":[{"count":7,"href":"https:\/\/dunseultrait.fr\/index.php\/wp-json\/wp\/v2\/pages\/363\/revisions"}],"predecessor-version":[{"id":371,"href":"https:\/\/dunseultrait.fr\/index.php\/wp-json\/wp\/v2\/pages\/363\/revisions\/371"}],"wp:attachment":[{"href":"https:\/\/dunseultrait.fr\/index.php\/wp-json\/wp\/v2\/media?parent=363"}],"curies":[{"name":"wp","href":"https:\/\/api.w.org\/{rel}","templated":true}]}}