{"id":341,"date":"2025-11-13T15:58:04","date_gmt":"2025-11-13T14:58:04","guid":{"rendered":"https:\/\/dunseultrait.fr\/?page_id=341"},"modified":"2025-11-13T16:50:12","modified_gmt":"2025-11-13T15:50:12","slug":"cgv","status":"publish","type":"page","link":"https:\/\/dunseultrait.fr\/index.php\/cgv\/","title":{"rendered":"CGV"},"content":{"rendered":"\t\t<div data-elementor-type=\"wp-page\" data-elementor-id=\"341\" class=\"elementor elementor-341\">\n\t\t\t\t<div class=\"elementor-element elementor-element-98bccce e-flex e-con-boxed e-con e-parent\" data-id=\"98bccce\" data-element_type=\"container\">\n\t\t\t\t\t<div class=\"e-con-inner\">\n\t\t\t\t<div class=\"elementor-element elementor-element-3f89c45 elementor-widget elementor-widget-heading\" data-id=\"3f89c45\" data-element_type=\"widget\" data-widget_type=\"heading.default\">\n\t\t\t\t<div class=\"elementor-widget-container\">\n\t\t\t\t\t<h2 class=\"elementor-heading-title elementor-size-default\">Conditions G\u00e9n\u00e9rales de Vente<\/h2>\t\t\t\t<\/div>\n\t\t\t\t<\/div>\n\t\t\t\t<div class=\"elementor-element elementor-element-a78ba5f elementor-widget elementor-widget-text-editor\" data-id=\"a78ba5f\" data-element_type=\"widget\" data-widget_type=\"text-editor.default\">\n\t\t\t\t<div class=\"elementor-widget-container\">\n\t\t\t\t\t\t\t\t\t<p><b><i>Derni\u00e8re mise \u00e0 jour : 10 novembre 2025<\/i><\/b><\/p><p><strong>1) OBJET<\/strong><\/p><p>Les pr\u00e9sentes Conditions G\u00e9n\u00e9rales de Vente (ci-apr\u00e8s les \u00ab CGV \u00bb) r\u00e9gissent les ventes de produits d\u00e9riv\u00e9s \u00e9dit\u00e9es par Catherine DEBARD DESIGN, pour sa marque D\u2019UN SEUL TRAIT<\/p><p><strong>2) ACCEPTATION DES CONDITIONS<\/strong><\/p><p>Toute commande implique l&rsquo;adh\u00e9sion enti\u00e8re et sans r\u00e9serve du Client aux pr\u00e9sentes CGV.<\/p><p><b>3) PRODUITS<\/b><\/p><p>Les Produits propos\u00e9s \u00e0 la vente sont d\u00e9crits et pr\u00e9sent\u00e9s avec la plus grande exactitude possible. Toutefois, de l\u00e9g\u00e8res diff\u00e9rences (couleurs, tailles) peuvent exister d\u2019une s\u00e9rie \u00e0 l\u2019autre.<br \/>Les Produits sont propos\u00e9s dans la limite des stocks disponibles.<\/p><p><strong>4) TARIFS<\/strong><\/p><p>Les tarifs sont indiqu\u00e9s en Euros, toutes taxes comprises, hors frais de livraison.<\/p><p>Le vendeur applique son tarif par ann\u00e9e calendaire, de janvier \u00e0 d\u00e9cembre.<\/p><p>Les tarifs sont susceptibles d\u2019\u00eatre r\u00e9vis\u00e9s en d\u00e9but d\u2019ann\u00e9e.<\/p><p><strong>5) COMMANDE<\/strong><\/p><p>Toute commande doit \u00eatre formul\u00e9e par \u00e9crit (courrier, e-mail, bon de commande, devis sign\u00e9)<\/p><p><strong>6) ACOMPTE<\/strong><\/p><p>Un acompte d\u2019une valeur de 30% de la commande peut \u00eatre demand\u00e9e en cas de commande sup\u00e9rieure \u00e0 1000 \u20ac<\/p><p><b>7) PAIEMENT<\/b><\/p><p>Le paiement s\u2019effectue \u00e0 r\u00e9ception de facture, par virement ou par ch\u00e8que.<\/p><p><b>8) LIVRAISON<\/b><\/p><p>Les Produits sont exp\u00e9di\u00e9s \u00e0 l\u2019adresse indiqu\u00e9e par le Client lors de la commande, dans les meilleurs d\u00e9lais<br \/>Le Vendeur ne saurait \u00eatre tenu responsable en cas de retard ou de perte imputable au transporteur.<\/p><p><strong>9) DROIT DE R\u00c9TRACTATION<\/strong><\/p><p>Conform\u00e9ment \u00e0 l\u2019article L221-18 du Code de la consommation, le Client dispose d\u2019un d\u00e9lai de <b>14 jours<\/b> \u00e0 compter de la r\u00e9ception des Produits pour exercer son droit de r\u00e9tractation, sans justification.<br \/>Les retours sont \u00e0 effectuer dans leur \u00e9tat d\u2019origine, complets, non port\u00e9s, non lav\u00e9s, et dans leur emballage.<br \/>Les frais de retour sont \u00e0 la charge du Client.<br \/>Le remboursement sera effectu\u00e9 dans un d\u00e9lai de 14 jours apr\u00e8s r\u00e9ception des Produits retourn\u00e9s.<\/p><p><b>Exceptions :<\/b> le droit de r\u00e9tractation ne s\u2019applique pas aux produits personnalis\u00e9s ou confectionn\u00e9s sur demande (ex : t-shirts imprim\u00e9s avec un pr\u00e9nom).<\/p><p><strong>10) GARANTIES<\/strong><\/p><p>Le Vendeur est tenu des d\u00e9fauts de conformit\u00e9 des Produits dans les conditions pr\u00e9vues aux articles L217-4 et suivants du Code de la consommation, ainsi que des d\u00e9fauts cach\u00e9s au sens des articles 1641 et suivants du Code civil. En cas de Produit d\u00e9fectueux, le Client peut demander l\u2019\u00e9change ou le remboursement.<\/p><p><strong>11) RESPONSABILIT\u00c9<\/strong><\/p><p>Le Vendeur ne saurait \u00eatre tenu responsable des dommages r\u00e9sultant d\u2019une mauvaise utilisation du Produit ou d\u2019un usage non conforme. Sa responsabilit\u00e9 reste en tout \u00e9tat de cause limit\u00e9e au montant de la commande.<\/p><p><strong>12) PROPRI\u00c9T\u00c9 INTELLECTUELLE<\/strong><\/p><p>Les dessins, la marque, les documents techniques, les nouvelles id\u00e9es et tous les \u00e9l\u00e9ments du site sont la propri\u00e9t\u00e9 exclusive du vendeur. Le client s\u2019engage \u00e0 ne faire aucun usage de ces documents susceptibles de porter atteinte aux droits de propri\u00e9t\u00e9 industrielle ou intellectuelle du vendeur.<\/p><p><strong>13) LITIGE<\/strong><\/p><p>Les pr\u00e9sentes CGV sont soumises au droit fran\u00e7ais-<\/p><p>En cas de litige, le Client est invit\u00e9 \u00e0 contacter d\u2019abord Mme Catherine Debard pour une r\u00e9solution \u00e0 l\u2019amiable.<\/p><p>A d\u00e9faut, les tribunaux Fran\u00e7ais seront comp\u00e9tents<\/p>\t\t\t\t\t\t\t\t<\/div>\n\t\t\t\t<\/div>\n\t\t\t\t\t<\/div>\n\t\t\t\t<\/div>\n\t\t\t\t<\/div>\n\t\t","protected":false},"excerpt":{"rendered":"<p>Conditions G\u00e9n\u00e9rales de Vente Derni\u00e8re mise \u00e0 jour : 10 novembre 2025 1) OBJET Les pr\u00e9sentes Conditions G\u00e9n\u00e9rales de Vente (ci-apr\u00e8s les \u00ab CGV \u00bb) r\u00e9gissent les ventes de produits &#8230;<\/p>\n","protected":false},"author":1,"featured_media":0,"parent":0,"menu_order":0,"comment_status":"closed","ping_status":"closed","template":"","meta":{"footnotes":""},"class_list":["post-341","page","type-page","status-publish","hentry"],"_links":{"self":[{"href":"https:\/\/dunseultrait.fr\/index.php\/wp-json\/wp\/v2\/pages\/341","targetHints":{"allow":["GET"]}}],"collection":[{"href":"https:\/\/dunseultrait.fr\/index.php\/wp-json\/wp\/v2\/pages"}],"about":[{"href":"https:\/\/dunseultrait.fr\/index.php\/wp-json\/wp\/v2\/types\/page"}],"author":[{"embeddable":true,"href":"https:\/\/dunseultrait.fr\/index.php\/wp-json\/wp\/v2\/users\/1"}],"replies":[{"embeddable":true,"href":"https:\/\/dunseultrait.fr\/index.php\/wp-json\/wp\/v2\/comments?post=341"}],"version-history":[{"count":10,"href":"https:\/\/dunseultrait.fr\/index.php\/wp-json\/wp\/v2\/pages\/341\/revisions"}],"predecessor-version":[{"id":377,"href":"https:\/\/dunseultrait.fr\/index.php\/wp-json\/wp\/v2\/pages\/341\/revisions\/377"}],"wp:attachment":[{"href":"https:\/\/dunseultrait.fr\/index.php\/wp-json\/wp\/v2\/media?parent=341"}],"curies":[{"name":"wp","href":"https:\/\/api.w.org\/{rel}","templated":true}]}}