{"id":302,"date":"2025-11-09T14:40:25","date_gmt":"2025-11-09T13:40:25","guid":{"rendered":"https:\/\/dunseultrait.fr\/?page_id=302"},"modified":"2025-11-13T16:55:20","modified_gmt":"2025-11-13T15:55:20","slug":"mentions-legales","status":"publish","type":"page","link":"https:\/\/dunseultrait.fr\/index.php\/mentions-legales\/","title":{"rendered":"MENTIONS LEGALES"},"content":{"rendered":"\t\t<div data-elementor-type=\"wp-page\" data-elementor-id=\"302\" class=\"elementor elementor-302\">\n\t\t\t\t<div class=\"elementor-element elementor-element-aca6c5e e-flex e-con-boxed e-con e-parent\" data-id=\"aca6c5e\" data-element_type=\"container\">\n\t\t\t\t\t<div class=\"e-con-inner\">\n\t\t\t\t<div class=\"elementor-element elementor-element-59e4272 elementor-widget elementor-widget-heading\" data-id=\"59e4272\" data-element_type=\"widget\" data-widget_type=\"heading.default\">\n\t\t\t\t<div class=\"elementor-widget-container\">\n\t\t\t\t\t<h2 class=\"elementor-heading-title elementor-size-default\">MENTIONS L\u00c9GALES<\/h2>\t\t\t\t<\/div>\n\t\t\t\t<\/div>\n\t\t\t\t<div class=\"elementor-element elementor-element-e7cd9e6 elementor-widget elementor-widget-text-editor\" data-id=\"e7cd9e6\" data-element_type=\"widget\" data-widget_type=\"text-editor.default\">\n\t\t\t\t<div class=\"elementor-widget-container\">\n\t\t\t\t\t\t\t\t\t<div class=\"elementor-element elementor-element-8b1bbfa elementor-widget elementor-widget-text-editor\" data-id=\"8b1bbfa\" data-element_type=\"widget\" data-widget_type=\"text-editor.default\">\n<div class=\"elementor-widget-container\">\n<blockquote>\n<p>Ce site est \u00e9dit\u00e9 par :<\/p>\n<p>Catherine DEBARD\u00a0<br \/>2 R\u00e9sidence des Tulipes \u2013 45140 St Jean de la Ruelle<br \/>06 63 68 52 22<br \/>SIRET: 537\u00a0753\u00a0923\u00a0000<\/p>\n<p>Nom du directeur de la publication : Catherine DEBARD<\/p>\n<p>\u00a0<\/p>\n<\/blockquote>\n<div class=\"elementor-element elementor-element-79f8935 elementor-widget elementor-widget-text-editor\" data-id=\"79f8935\" data-element_type=\"widget\" data-widget_type=\"text-editor.default\">\n<div class=\"elementor-widget-container\">\n<blockquote>\n<p>HEBERGEMENT DU SITE:<\/p>\n<p>OVH<br \/>Si\u00e8ge social : 2 rue Kellermann \u2013 59100 Roubaix \u2013 France<\/p>\n<\/blockquote>\n<\/div>\n<\/div>\n<\/div>\n<\/div>\t\t\t\t\t\t\t\t<\/div>\n\t\t\t\t<\/div>\n\t\t\t\t\t<\/div>\n\t\t\t\t<\/div>\n\t\t\t\t<\/div>\n\t\t","protected":false},"excerpt":{"rendered":"<p>MENTIONS L\u00c9GALES Ce site est \u00e9dit\u00e9 par : Catherine DEBARD\u00a02 R\u00e9sidence des Tulipes \u2013 45140 St Jean de la Ruelle06 63 68 52 22SIRET: 537\u00a0753\u00a0923\u00a0000 Nom du directeur de la &#8230;<\/p>\n","protected":false},"author":1,"featured_media":0,"parent":0,"menu_order":0,"comment_status":"closed","ping_status":"closed","template":"","meta":{"footnotes":""},"class_list":["post-302","page","type-page","status-publish","hentry"],"_links":{"self":[{"href":"https:\/\/dunseultrait.fr\/index.php\/wp-json\/wp\/v2\/pages\/302","targetHints":{"allow":["GET"]}}],"collection":[{"href":"https:\/\/dunseultrait.fr\/index.php\/wp-json\/wp\/v2\/pages"}],"about":[{"href":"https:\/\/dunseultrait.fr\/index.php\/wp-json\/wp\/v2\/types\/page"}],"author":[{"embeddable":true,"href":"https:\/\/dunseultrait.fr\/index.php\/wp-json\/wp\/v2\/users\/1"}],"replies":[{"embeddable":true,"href":"https:\/\/dunseultrait.fr\/index.php\/wp-json\/wp\/v2\/comments?post=302"}],"version-history":[{"count":8,"href":"https:\/\/dunseultrait.fr\/index.php\/wp-json\/wp\/v2\/pages\/302\/revisions"}],"predecessor-version":[{"id":380,"href":"https:\/\/dunseultrait.fr\/index.php\/wp-json\/wp\/v2\/pages\/302\/revisions\/380"}],"wp:attachment":[{"href":"https:\/\/dunseultrait.fr\/index.php\/wp-json\/wp\/v2\/media?parent=302"}],"curies":[{"name":"wp","href":"https:\/\/api.w.org\/{rel}","templated":true}]}}